{"id":81,"date":"2025-10-02T21:36:01","date_gmt":"2025-10-02T21:36:01","guid":{"rendered":"https:\/\/www.ting.fr\/?page_id=81"},"modified":"2025-10-02T21:36:02","modified_gmt":"2025-10-02T21:36:02","slug":"mobile-suit-gundam-seed-destiny-hd","status":"publish","type":"page","link":"https:\/\/www.ting.fr\/index.php\/mobile-suit-gundam-seed-destiny-hd\/","title":{"rendered":"Mobile Suit Gundam Seed Destiny HD"},"content":{"rendered":"\n<figure class=\"wp-block-image size-full\"><img decoding=\"async\" src=\"https:\/\/www.ting.fr\/wp-content\/uploads\/2025\/10\/G63VZZDEY-backdrop_wide.avif\" alt=\"\" class=\"wp-image-82\"\/><\/figure>\n\n\n\n<p>La guerre qui a d\u00e9chir\u00e9 la Terre et les PLANT pendant un an et demi s\u2019est achev\u00e9e apr\u00e8s la bataille d\u00e9cisive de Jakin Due. Un trait\u00e9 de paix fut sign\u00e9 et le monde semblait enfin avoir retrouv\u00e9 le chemin de la paix. N\u00e9anmoins, les tensions sont toujours palpables, que ce soit chez les Naturels ou chez les Coordinateurs. \u00c8re cosmique 73, Shinn est un soldat de ZAFT et pilote de Mobile Suit en provenance d\u2019Orb. Alors qu\u2019il a perdu sa famille sous ses yeux lors du pr\u00e9c\u00e9dent conflit, il devra surmonter les horreurs d\u2019une nouvelle guerre encore plus atroce\u2026<\/p>\n\n\n\n<p>Audio:<br>Japanese<\/p>\n\n\n\n<p>Sous-titres:<br>Fran\u00e7ais, English, Deutsch, Espa\u00f1ol (Am\u00e9rica Latina), Espa\u00f1ol (Espa\u00f1a), Portugu\u00eas (Brasil)<\/p>\n\n\n\n<p>Avertissement li\u00e9 au contenu:<\/p>\n\n\n\n<pre class=\"wp-block-code\"><code>Nudit\u00e9, Grossi\u00e8ret\u00e9s, Violence<\/code><\/pre>\n","protected":false},"excerpt":{"rendered":"<p>La guerre qui a d\u00e9chir\u00e9 la Terre et les PLANT pendant un an et demi s\u2019est achev\u00e9e apr\u00e8s la bataille d\u00e9cisive de Jakin Due. Un trait\u00e9 de paix fut sign\u00e9 et le monde semblait enfin avoir retrouv\u00e9 le chemin de la paix. N\u00e9anmoins, les tensions sont toujours palpables, que ce soit chez les Naturels ou [&hellip;]<\/p>\n","protected":false},"author":1,"featured_media":0,"parent":0,"menu_order":0,"comment_status":"closed","ping_status":"closed","template":"","meta":{"_themeisle_gutenberg_block_has_review":false,"_kadence_starter_templates_imported_post":false,"footnotes":""},"class_list":["post-81","page","type-page","status-publish","hentry"],"_links":{"self":[{"href":"https:\/\/www.ting.fr\/index.php\/wp-json\/wp\/v2\/pages\/81","targetHints":{"allow":["GET"]}}],"collection":[{"href":"https:\/\/www.ting.fr\/index.php\/wp-json\/wp\/v2\/pages"}],"about":[{"href":"https:\/\/www.ting.fr\/index.php\/wp-json\/wp\/v2\/types\/page"}],"author":[{"embeddable":true,"href":"https:\/\/www.ting.fr\/index.php\/wp-json\/wp\/v2\/users\/1"}],"replies":[{"embeddable":true,"href":"https:\/\/www.ting.fr\/index.php\/wp-json\/wp\/v2\/comments?post=81"}],"version-history":[{"count":1,"href":"https:\/\/www.ting.fr\/index.php\/wp-json\/wp\/v2\/pages\/81\/revisions"}],"predecessor-version":[{"id":83,"href":"https:\/\/www.ting.fr\/index.php\/wp-json\/wp\/v2\/pages\/81\/revisions\/83"}],"wp:attachment":[{"href":"https:\/\/www.ting.fr\/index.php\/wp-json\/wp\/v2\/media?parent=81"}],"curies":[{"name":"wp","href":"https:\/\/api.w.org\/{rel}","templated":true}]}}